{"id":33,"date":"2015-07-31T11:31:49","date_gmt":"2015-07-31T11:31:49","guid":{"rendered":"http:\/\/vidaq.net\/wp1\/?page_id=33"},"modified":"2016-03-30T05:43:16","modified_gmt":"2016-03-30T05:43:16","slug":"hem-2","status":"publish","type":"page","link":"https:\/\/vidaq.net\/wp1\/index.php\/hem-2\/","title":{"rendered":"Vidaq Sweden AB"},"content":{"rendered":"<p style=\"text-align: center;\"><span style=\"color: #0000ff; text-decoration: underline;\"><strong>\u00a0<\/strong><\/span><\/p>\n<p><span style=\"color: #000000;\">Vi\u00a0utf\u00f6r uppdrag inom el-automation d.v.s. el\/anl\u00e4ggningskonstruktion, CAD, PLC-programmering, HMI-bildbyggnad mm. Vi har l\u00e5ng erfarenhet\u00a0p\u00e5 marknadens mest f\u00f6rekommande system som ABB, Siemens, Mitsubishi mm. fr\u00e5n\u00a0b\u00e5de stora och sm\u00e5 projekt.\u00a0<\/span><\/p>\n<p><span style=\"color: #000000;\">V\u00e5r f\u00f6rm\u00e5ga\u00a0\u00e4r\u00a0att kunna anpassa oss efter kundens \u00f6nskem\u00e5l och krav n\u00e4r vi f\u00f6ljer aktuella standarder. Vi kan \u00e4ven hj\u00e4lpa till att v\u00e4lja konstruktionsl\u00f6sningar efter flertal olika\u00a0referensprojekt med h\u00e4nsyn till\u00a0funktion, s\u00e4kerhet och kvalitet.<\/span><\/p>\n<p><span style=\"color: #000000;\">Vi hj\u00e4lper\u00a0Er att ta fram\u00a0automationsl\u00f6sningar till produktleverant\u00f6rer d\u00e4r vi kan ta hela konstruktionsansvaret eller vissa delar som t.ex. PLC programmering, HMI, Cad renritning etc.<\/span><\/p>\n<p><span style=\"color: #000000;\">V\u00e5r\u00a0str\u00e4van \u00e4r att ta fram s\u00e4kra l\u00f6sningar med\u00a0r\u00e4tt kvalit\u00e9 till ett konkurrenskraftigt\u00a0pris med produkter som \u00e4r anv\u00e4ndarv\u00e4nliga,\u00a0h\u00e5llbara och som\u00a0p\u00e5 sikt minskar milj\u00f6p\u00e5verkan<\/span>.<\/p>\n<h2 style=\"text-align: center;\"><span style=\"color: #008080;\"><span style=\"color: #0000ff;\"><strong>Funktion &#8211; S\u00e4kerhet &#8211; Kvalitet<\/strong><\/span><\/span><\/h2>\n<h3 style=\"text-align: center;\"><em><span style=\"color: #008080;\"><span style=\"color: #0000ff;\">Your Partner for Quality\u00a0&amp; Success<\/span><\/span><\/em><\/h3>\n<p style=\"text-align: center;\"><span style=\"color: #000000;\">Skicka g\u00e4rna en f\u00f6rfr\u00e5gan p\u00e5 uppdrag som ni \u00f6nskar hj\u00e4lp med<\/span>. <a href=\"mailto:info@vidaq.net\" target=\"_blank\">Mail <\/a><\/p>\n","protected":false},"excerpt":{"rendered":"<p>\u00a0 Vi\u00a0utf\u00f6r uppdrag inom el-automation d.v.s. el\/anl\u00e4ggningskonstruktion, CAD, PLC-programmering, HMI-bildbyggnad mm. Vi har l\u00e5ng erfarenhet\u00a0p\u00e5 marknadens mest f\u00f6rekommande system som ABB, Siemens, Mitsubishi mm. fr\u00e5n\u00a0b\u00e5de stora och sm\u00e5 projekt.\u00a0 V\u00e5r f\u00f6rm\u00e5ga\u00a0\u00e4r\u00a0att kunna anpassa oss efter kundens \u00f6nskem\u00e5l och krav n\u00e4r vi f\u00f6ljer aktuella standarder. Vi kan \u00e4ven hj\u00e4lpa till att v\u00e4lja konstruktionsl\u00f6sningar efter flertal olika\u00a0referensprojekt [&hellip;]<\/p>\n","protected":false},"author":1,"featured_media":60,"parent":0,"menu_order":1,"comment_status":"closed","ping_status":"closed","template":"","meta":[],"_links":{"self":[{"href":"https:\/\/vidaq.net\/wp1\/index.php\/wp-json\/wp\/v2\/pages\/33"}],"collection":[{"href":"https:\/\/vidaq.net\/wp1\/index.php\/wp-json\/wp\/v2\/pages"}],"about":[{"href":"https:\/\/vidaq.net\/wp1\/index.php\/wp-json\/wp\/v2\/types\/page"}],"author":[{"embeddable":true,"href":"https:\/\/vidaq.net\/wp1\/index.php\/wp-json\/wp\/v2\/users\/1"}],"replies":[{"embeddable":true,"href":"https:\/\/vidaq.net\/wp1\/index.php\/wp-json\/wp\/v2\/comments?post=33"}],"version-history":[{"count":21,"href":"https:\/\/vidaq.net\/wp1\/index.php\/wp-json\/wp\/v2\/pages\/33\/revisions"}],"predecessor-version":[{"id":264,"href":"https:\/\/vidaq.net\/wp1\/index.php\/wp-json\/wp\/v2\/pages\/33\/revisions\/264"}],"wp:featuredmedia":[{"embeddable":true,"href":"https:\/\/vidaq.net\/wp1\/index.php\/wp-json\/wp\/v2\/media\/60"}],"wp:attachment":[{"href":"https:\/\/vidaq.net\/wp1\/index.php\/wp-json\/wp\/v2\/media?parent=33"}],"curies":[{"name":"wp","href":"https:\/\/api.w.org\/{rel}","templated":true}]}}