{"id":51,"date":"2015-07-31T18:47:17","date_gmt":"2015-07-31T18:47:17","guid":{"rendered":"http:\/\/vidaq.net\/wp1\/?page_id=51"},"modified":"2016-02-01T12:20:09","modified_gmt":"2016-02-01T12:20:09","slug":"policy","status":"publish","type":"page","link":"https:\/\/vidaq.net\/wp1\/index.php\/policy\/","title":{"rendered":"Milj\u00f6- &#038; Kvalitetspolicy"},"content":{"rendered":"<h5 style=\"text-align: justify;\"><span style=\"color: #000000;\">Vi\u00a0utf\u00f6r uppdrag inom el-automation d.v.s. el\/anl\u00e4ggningskonstruktion, CAD, PLC-programmering, HMI-bildbyggnad mm. <\/span><\/h5>\n<h5 style=\"text-align: justify;\"><span style=\"color: #000000;\">Vi arbetar mot ISO 9001 &amp; 14001.<\/span><\/h5>\n<h2><span style=\"color: #000000;\"><strong><span style=\"text-decoration: underline;\">Milj\u00f6policy<\/span><\/strong><\/span><\/h2>\n<ul>\n<li><span style=\"color: #000000;\">V\u00e5r verksamhet skall k\u00e4nnetecknas av h\u00f6g milj\u00f6medvetenhet och kompetens inom milj\u00f6fr\u00e5gor.<\/span><\/li>\n<li><span style=\"color: #000000;\">Vi skall uppfylla verksamhetens ber\u00f6rda\u00a0lagar och\u00a0krav\u00a0samt s\u00e4kerst\u00e4lla att relevant milj\u00f6lagstiftning f\u00f6ljs. <\/span><\/li>\n<li><span style=\"color: #000000;\">Samtliga medarbetare skall vara milj\u00f6medvetna och utveckla f\u00f6retaget genom st\u00e4ndiga f\u00f6rb\u00e4ttringar. <\/span><\/li>\n<li><span style=\"color: #000000;\">Verksamheten skall bidra till att minska f\u00f6retagets och kundernas milj\u00f6belastning genom energi- och resurs- besparande \u00e5tg\u00e4rder.<\/span><\/li>\n<li><span style=\"color: #000000;\"> Genom kontinuerlig unders\u00f6kning\u00a0av ny modern milj\u00f6v\u00e4nlig teknik har vi m\u00f6jlighet att erbjuda tekniska l\u00f6sningar som bidrar till en b\u00e4ttre milj\u00f6.<\/span><\/li>\n<\/ul>\n<h2><span style=\"color: #000000; text-decoration: underline;\"><strong>Kvalitetspolicy<\/strong><\/span><\/h2>\n<ul>\n<li><span style=\"color: #000000;\">Vi\u00a0skall tillhandah\u00e5lla utlovad kvalitet, med det lilla extra som \u00f6vertr\u00e4ffar kundernas f\u00f6rv\u00e4ntningar vilket skapar l\u00e5ngsiktiga relationer.<\/span><\/li>\n<li><span style=\"color: #000000;\">Kvalitet skall genomsyra f\u00f6retaget fr\u00e5n f\u00f6rsta kundkontakt till f\u00e4rdig leverans d\u00e4r samtliga medarbetare f\u00e5r en grundl\u00e4ggande utbildning i f\u00f6retagets kvalitetsm\u00e5l.<\/span><\/li>\n<li><span style=\"color: #000000;\">Kvalitet inneb\u00e4r att vi m\u00f6ter kundernas och samh\u00e4llets krav, detta\u00a0skapar vi\u00a0med h\u00f6g kompetens och med\u00a0regelbunden utbildning.<\/span><\/li>\n<li><span style=\"color: #000000;\">Vi satsar \u00e4ven\u00a0st\u00e4ndigt\u00a0p\u00e5 f\u00f6rb\u00e4ttring genom\u00a0utveckling, standardisering, systematiska tester\u00a0och uppf\u00f6ljning av levererade tj\u00e4nster\/system och f\u00f6rb\u00e4ttra utsatta kvalitetsm\u00e5l.<\/span><\/li>\n<\/ul>\n<p>&nbsp;<\/p>\n<p>&nbsp;<\/p>\n","protected":false},"excerpt":{"rendered":"<p>Vi\u00a0utf\u00f6r uppdrag inom el-automation d.v.s. el\/anl\u00e4ggningskonstruktion, CAD, PLC-programmering, HMI-bildbyggnad mm. Vi arbetar mot ISO 9001 &amp; 14001. Milj\u00f6policy V\u00e5r verksamhet skall k\u00e4nnetecknas av h\u00f6g milj\u00f6medvetenhet och kompetens inom milj\u00f6fr\u00e5gor. Vi skall uppfylla verksamhetens ber\u00f6rda\u00a0lagar och\u00a0krav\u00a0samt s\u00e4kerst\u00e4lla att relevant milj\u00f6lagstiftning f\u00f6ljs. Samtliga medarbetare skall vara milj\u00f6medvetna och utveckla f\u00f6retaget genom st\u00e4ndiga f\u00f6rb\u00e4ttringar. Verksamheten skall bidra till [&hellip;]<\/p>\n","protected":false},"author":1,"featured_media":0,"parent":0,"menu_order":1,"comment_status":"closed","ping_status":"closed","template":"templates\/template-full-notitle.php","meta":[],"_links":{"self":[{"href":"https:\/\/vidaq.net\/wp1\/index.php\/wp-json\/wp\/v2\/pages\/51"}],"collection":[{"href":"https:\/\/vidaq.net\/wp1\/index.php\/wp-json\/wp\/v2\/pages"}],"about":[{"href":"https:\/\/vidaq.net\/wp1\/index.php\/wp-json\/wp\/v2\/types\/page"}],"author":[{"embeddable":true,"href":"https:\/\/vidaq.net\/wp1\/index.php\/wp-json\/wp\/v2\/users\/1"}],"replies":[{"embeddable":true,"href":"https:\/\/vidaq.net\/wp1\/index.php\/wp-json\/wp\/v2\/comments?post=51"}],"version-history":[{"count":14,"href":"https:\/\/vidaq.net\/wp1\/index.php\/wp-json\/wp\/v2\/pages\/51\/revisions"}],"predecessor-version":[{"id":224,"href":"https:\/\/vidaq.net\/wp1\/index.php\/wp-json\/wp\/v2\/pages\/51\/revisions\/224"}],"wp:attachment":[{"href":"https:\/\/vidaq.net\/wp1\/index.php\/wp-json\/wp\/v2\/media?parent=51"}],"curies":[{"name":"wp","href":"https:\/\/api.w.org\/{rel}","templated":true}]}}